{"id":86,"date":"2017-06-13T00:09:04","date_gmt":"2017-06-12T21:09:04","guid":{"rendered":"http:\/\/darebi.com\/?page_id=86"},"modified":"2017-06-13T00:11:09","modified_gmt":"2017-06-12T21:11:09","slug":"oykuler","status":"publish","type":"page","link":"https:\/\/darebi.com\/?page_id=86","title":{"rendered":"\u00d6yk\u00fc"},"content":{"rendered":"<p><strong>Bu b\u00f6l\u00fcm i\u00e7in \u00e7al\u0131\u015fmalar\u0131m\u0131z devam ediyor&#8230; \u00d6yk\u00fclerinizi bekliyoruz.\u00a0<\/strong><\/p>\n","protected":false},"excerpt":{"rendered":"<p>Bu b\u00f6l\u00fcm i\u00e7in \u00e7al\u0131\u015fmalar\u0131m\u0131z devam ediyor&#8230; \u00d6yk\u00fclerinizi bekliyoruz.\u00a0<\/p>\n","protected":false},"author":1,"featured_media":0,"parent":0,"menu_order":8,"comment_status":"closed","ping_status":"closed","template":"","meta":[],"_links":{"self":[{"href":"https:\/\/darebi.com\/index.php?rest_route=\/wp\/v2\/pages\/86"}],"collection":[{"href":"https:\/\/darebi.com\/index.php?rest_route=\/wp\/v2\/pages"}],"about":[{"href":"https:\/\/darebi.com\/index.php?rest_route=\/wp\/v2\/types\/page"}],"author":[{"embeddable":true,"href":"https:\/\/darebi.com\/index.php?rest_route=\/wp\/v2\/users\/1"}],"replies":[{"embeddable":true,"href":"https:\/\/darebi.com\/index.php?rest_route=%2Fwp%2Fv2%2Fcomments&post=86"}],"version-history":[{"count":2,"href":"https:\/\/darebi.com\/index.php?rest_route=\/wp\/v2\/pages\/86\/revisions"}],"predecessor-version":[{"id":90,"href":"https:\/\/darebi.com\/index.php?rest_route=\/wp\/v2\/pages\/86\/revisions\/90"}],"wp:attachment":[{"href":"https:\/\/darebi.com\/index.php?rest_route=%2Fwp%2Fv2%2Fmedia&parent=86"}],"curies":[{"name":"wp","href":"https:\/\/api.w.org\/{rel}","templated":true}]}}