{"id":21,"date":"2017-06-06T07:54:22","date_gmt":"2017-06-06T07:54:22","guid":{"rendered":"http:\/\/darebi.com\/?page_id=21"},"modified":"2017-06-13T11:07:21","modified_gmt":"2017-06-13T08:07:21","slug":"video","status":"publish","type":"page","link":"https:\/\/darebi.com\/?page_id=21","title":{"rendered":"Video"},"content":{"rendered":"<p>Siteden payla\u015f\u0131lan b\u00fct\u00fcn videolara buradan ula\u015fabilirsiniz.<br \/>\n[catlist id=2 numberposts=100]<\/p>\n","protected":false},"excerpt":{"rendered":"<p>Siteden payla\u015f\u0131lan b\u00fct\u00fcn videolara buradan ula\u015fabilirsiniz. [catlist id=2 numberposts=100]<\/p>\n","protected":false},"author":1,"featured_media":0,"parent":0,"menu_order":4,"comment_status":"closed","ping_status":"closed","template":"","meta":[],"_links":{"self":[{"href":"https:\/\/darebi.com\/index.php?rest_route=\/wp\/v2\/pages\/21"}],"collection":[{"href":"https:\/\/darebi.com\/index.php?rest_route=\/wp\/v2\/pages"}],"about":[{"href":"https:\/\/darebi.com\/index.php?rest_route=\/wp\/v2\/types\/page"}],"author":[{"embeddable":true,"href":"https:\/\/darebi.com\/index.php?rest_route=\/wp\/v2\/users\/1"}],"replies":[{"embeddable":true,"href":"https:\/\/darebi.com\/index.php?rest_route=%2Fwp%2Fv2%2Fcomments&post=21"}],"version-history":[{"count":2,"href":"https:\/\/darebi.com\/index.php?rest_route=\/wp\/v2\/pages\/21\/revisions"}],"predecessor-version":[{"id":97,"href":"https:\/\/darebi.com\/index.php?rest_route=\/wp\/v2\/pages\/21\/revisions\/97"}],"wp:attachment":[{"href":"https:\/\/darebi.com\/index.php?rest_route=%2Fwp%2Fv2%2Fmedia&parent=21"}],"curies":[{"name":"wp","href":"https:\/\/api.w.org\/{rel}","templated":true}]}}